{"id":16,"date":"2019-08-10T18:04:02","date_gmt":"2019-08-10T18:04:02","guid":{"rendered":"https:\/\/jupiterx.artbees.net\/fast-food\/?page_id=16"},"modified":"2023-10-04T16:58:10","modified_gmt":"2023-10-04T16:58:10","slug":"about-2","status":"publish","type":"page","link":"https:\/\/arandinasmexicanfood.com\/?page_id=16","title":{"rendered":"About"},"content":{"rendered":"\t\t<div data-elementor-type=\"wp-post\" data-elementor-id=\"16\" class=\"elementor elementor-16\" data-elementor-settings=\"[]\">\n\t\t\t\t\t\t<div class=\"elementor-inner\">\n\t\t\t\t\t\t\t<div class=\"elementor-section-wrap\">\n\t\t\t\t\t\t\t<section class=\"elementor-section elementor-top-section elementor-element elementor-element-8c2661c elementor-section-stretched elementor-section-full_width elementor-section-height-min-height elementor-section-height-default elementor-section-items-middle\" data-id=\"8c2661c\" data-element_type=\"section\" data-settings=\"{&quot;stretch_section&quot;:&quot;section-stretched&quot;,&quot;background_background&quot;:&quot;classic&quot;,&quot;shape_divider_bottom&quot;:&quot;curve&quot;,&quot;shape_divider_bottom_negative&quot;:&quot;yes&quot;}\">\n\t\t\t\t\t\t\t<div class=\"elementor-background-overlay\"><\/div>\n\t\t\t\t\t\t<div class=\"elementor-shape elementor-shape-bottom\" data-negative=\"true\">\n\t\t\t<svg xmlns=\"http:\/\/www.w3.org\/2000\/svg\" viewBox=\"0 0 1000 100\" preserveAspectRatio=\"none\">\n\t<path class=\"elementor-shape-fill\" d=\"M500,97C126.7,96.3,0.8,19.8,0,0v100l1000,0V1C1000,19.4,873.3,97.8,500,97z\"\/>\n<\/svg>\t\t<\/div>\n\t\t\t\t\t<div class=\"elementor-container elementor-column-gap-default\">\n\t\t\t\t\t\t\t<div class=\"elementor-row\">\n\t\t\t\t\t<div class=\"elementor-column elementor-col-100 elementor-top-column elementor-element elementor-element-816f945\" data-id=\"816f945\" data-element_type=\"column\">\n\t\t\t<div class=\"elementor-column-wrap elementor-element-populated\">\n\t\t\t\t\t\t\t<div class=\"elementor-widget-wrap\">\n\t\t\t\t\t\t<div class=\"elementor-element elementor-element-af9bfb9 elementor-align-center elementor-widget elementor-widget-raven-heading\" data-id=\"af9bfb9\" data-element_type=\"widget\" data-widget_type=\"raven-heading.default\">\n\t\t\t\t<div class=\"elementor-widget-container\">\n\t\t\t\t\t<div class=\"raven-widget-wrapper\"><h1 class=\"raven-heading raven-heading-h1\"><span class=\"raven-heading-title\">About Us<\/span><\/h1><\/div>\n\t\t\t\t<\/div>\n\t\t\t\t<\/div>\n\t\t\t\t\t\t<\/div>\n\t\t\t\t\t<\/div>\n\t\t<\/div>\n\t\t\t\t\t\t\t\t<\/div>\n\t\t\t\t\t<\/div>\n\t\t<\/section>\n\t\t\t\t<section class=\"elementor-section elementor-top-section elementor-element elementor-element-afadbcc elementor-section-boxed elementor-section-height-default elementor-section-height-default\" data-id=\"afadbcc\" data-element_type=\"section\">\n\t\t\t\t\t\t<div class=\"elementor-container elementor-column-gap-default\">\n\t\t\t\t\t\t\t<div class=\"elementor-row\">\n\t\t\t\t\t<div class=\"elementor-column elementor-col-100 elementor-top-column elementor-element elementor-element-2e19f1e\" data-id=\"2e19f1e\" data-element_type=\"column\">\n\t\t\t<div class=\"elementor-column-wrap elementor-element-populated\">\n\t\t\t\t\t\t\t<div class=\"elementor-widget-wrap\">\n\t\t\t\t\t\t<div class=\"elementor-element elementor-element-33eb47f elementor-align-center elementor-widget elementor-widget-raven-heading\" data-id=\"33eb47f\" data-element_type=\"widget\" data-widget_type=\"raven-heading.default\">\n\t\t\t\t<div class=\"elementor-widget-container\">\n\t\t\t\t\t<div class=\"raven-widget-wrapper\"><h2 class=\"raven-heading raven-heading-h2\"><span class=\"raven-heading-title\">Only the best in authentic Mexican food in town!<\/span><\/h2><\/div>\n\t\t\t\t<\/div>\n\t\t\t\t<\/div>\n\t\t\t\t<div class=\"elementor-element elementor-element-ae4a38f elementor-widget elementor-widget-text-editor\" data-id=\"ae4a38f\" data-element_type=\"widget\" data-widget_type=\"text-editor.default\">\n\t\t\t\t<div class=\"elementor-widget-container\">\n\t\t\t\t\t<div class=\"elementor-text-editor elementor-clearfix\"><p><b>Arandinas Mexican Restaurant &amp; Bar<\/b><br \/>A restaurant with family history. Mr. Ignacio Sevilla and Mrs. Rosie Sevilla opened Taqueria Arandinas on June 7, 1999. Little by little and with their greatest effort the dining area grew and they expanded the menu. The bar was added later, in the year of 2019.<br \/>Faithful to their traditions, they specialize in Mexican dishes that everyone loves. Every decision they make is made with their customers in mind, in order to always offer the best service possible.<\/p><p><b>Arandinas Mexican Restaurant &amp; Bar<\/b><br \/>Un restaurante con historia familiar. El Sr. Ignacio Sevilla y la Sra. Rosie Sevilla abrieron Taqueria Arandinas el 7 de junio del 1999. Poco a poco y con todo su esfuerzo creci\u00f3 el comedor y ampliaron el men\u00fa. Tiempo despu\u00e9s lleg\u00f3 el bar, en el a\u00f1o 2019.<br \/>Fieles a sus tradiciones, se especializan en platillos mexicanos que a todos les encantan. Cada decisi\u00f3n que se toma se hace pensando en los clientes, con la finalidad de siempre ofrecerles el mejor servicio.<\/p><\/div>\n\t\t\t\t<\/div>\n\t\t\t\t<\/div>\n\t\t\t\t\t\t<\/div>\n\t\t\t\t\t<\/div>\n\t\t<\/div>\n\t\t\t\t\t\t\t\t<\/div>\n\t\t\t\t\t<\/div>\n\t\t<\/section>\n\t\t\t\t<section class=\"elementor-section elementor-top-section elementor-element elementor-element-e40a63a elementor-section-boxed elementor-section-height-default elementor-section-height-default\" data-id=\"e40a63a\" data-element_type=\"section\">\n\t\t\t\t\t\t<div class=\"elementor-container elementor-column-gap-default\">\n\t\t\t\t\t\t\t<div class=\"elementor-row\">\n\t\t\t\t\t<div class=\"elementor-column elementor-col-50 elementor-top-column elementor-element elementor-element-eaf77f1\" data-id=\"eaf77f1\" data-element_type=\"column\">\n\t\t\t<div class=\"elementor-column-wrap elementor-element-populated\">\n\t\t\t\t\t\t\t<div class=\"elementor-widget-wrap\">\n\t\t\t\t\t\t<div class=\"elementor-element elementor-element-864191b elementor-position-top elementor-vertical-align-top elementor-widget elementor-widget-image-box\" data-id=\"864191b\" data-element_type=\"widget\" data-widget_type=\"image-box.default\">\n\t\t\t\t<div class=\"elementor-widget-container\">\n\t\t\t<div class=\"elementor-image-box-wrapper\"><figure class=\"elementor-image-box-img\"><img loading=\"lazy\" decoding=\"async\" width=\"1308\" height=\"877\" src=\"https:\/\/arandinasmexicanfood.com\/wp-content\/uploads\/2020\/08\/carne-asada.jpg\" class=\"attachment-full size-full\" alt=\"\" srcset=\"https:\/\/arandinasmexicanfood.com\/wp-content\/uploads\/2020\/08\/carne-asada.jpg 1308w, https:\/\/arandinasmexicanfood.com\/wp-content\/uploads\/2020\/08\/carne-asada-300x201.jpg 300w, https:\/\/arandinasmexicanfood.com\/wp-content\/uploads\/2020\/08\/carne-asada-1024x687.jpg 1024w, https:\/\/arandinasmexicanfood.com\/wp-content\/uploads\/2020\/08\/carne-asada-768x515.jpg 768w, https:\/\/arandinasmexicanfood.com\/wp-content\/uploads\/2020\/08\/carne-asada-600x402.jpg 600w\" sizes=\"auto, (max-width: 1308px) 100vw, 1308px\" \/><\/figure><\/div>\t\t<\/div>\n\t\t\t\t<\/div>\n\t\t\t\t\t\t<\/div>\n\t\t\t\t\t<\/div>\n\t\t<\/div>\n\t\t\t\t<div class=\"elementor-column elementor-col-50 elementor-top-column elementor-element elementor-element-db8bf03\" data-id=\"db8bf03\" data-element_type=\"column\">\n\t\t\t<div class=\"elementor-column-wrap elementor-element-populated\">\n\t\t\t\t\t\t\t<div class=\"elementor-widget-wrap\">\n\t\t\t\t\t\t<div class=\"elementor-element elementor-element-0de55a4 elementor-position-top elementor-vertical-align-top elementor-widget elementor-widget-image-box\" data-id=\"0de55a4\" data-element_type=\"widget\" data-widget_type=\"image-box.default\">\n\t\t\t\t<div class=\"elementor-widget-container\">\n\t\t\t<div class=\"elementor-image-box-wrapper\"><figure class=\"elementor-image-box-img\"><img loading=\"lazy\" decoding=\"async\" width=\"1308\" height=\"877\" src=\"https:\/\/arandinasmexicanfood.com\/wp-content\/uploads\/2020\/08\/Cantarito.jpg\" class=\"attachment-full size-full\" alt=\"\" srcset=\"https:\/\/arandinasmexicanfood.com\/wp-content\/uploads\/2020\/08\/Cantarito.jpg 1308w, https:\/\/arandinasmexicanfood.com\/wp-content\/uploads\/2020\/08\/Cantarito-300x201.jpg 300w, https:\/\/arandinasmexicanfood.com\/wp-content\/uploads\/2020\/08\/Cantarito-1024x687.jpg 1024w, https:\/\/arandinasmexicanfood.com\/wp-content\/uploads\/2020\/08\/Cantarito-768x515.jpg 768w, https:\/\/arandinasmexicanfood.com\/wp-content\/uploads\/2020\/08\/Cantarito-600x402.jpg 600w\" sizes=\"auto, (max-width: 1308px) 100vw, 1308px\" \/><\/figure><\/div>\t\t<\/div>\n\t\t\t\t<\/div>\n\t\t\t\t\t\t<\/div>\n\t\t\t\t\t<\/div>\n\t\t<\/div>\n\t\t\t\t\t\t\t\t<\/div>\n\t\t\t\t\t<\/div>\n\t\t<\/section>\n\t\t\t\t\t\t<\/div>\n\t\t\t\t\t\t<\/div>\n\t\t\t\t\t<\/div>\n\t\t","protected":false},"excerpt":{"rendered":"<p>About Us Only the best in authentic Mexican food in town! Arandinas Mexican Restaurant &amp; BarA restaurant with family history. Mr. Ignacio Sevilla and Mrs. Rosie Sevilla opened Taqueria Arandinas on June 7, 1999. Little by little and with their greatest effort the dining area grew and they expanded the menu. The bar was added [&hellip;]<\/p>\n","protected":false},"author":1,"featured_media":0,"parent":0,"menu_order":0,"comment_status":"closed","ping_status":"closed","template":"elementor_header_footer","meta":{"footnotes":""},"class_list":["post-16","page","type-page","status-publish","hentry"],"acf":[],"_links":{"self":[{"href":"https:\/\/arandinasmexicanfood.com\/index.php?rest_route=\/wp\/v2\/pages\/16","targetHints":{"allow":["GET"]}}],"collection":[{"href":"https:\/\/arandinasmexicanfood.com\/index.php?rest_route=\/wp\/v2\/pages"}],"about":[{"href":"https:\/\/arandinasmexicanfood.com\/index.php?rest_route=\/wp\/v2\/types\/page"}],"author":[{"embeddable":true,"href":"https:\/\/arandinasmexicanfood.com\/index.php?rest_route=\/wp\/v2\/users\/1"}],"replies":[{"embeddable":true,"href":"https:\/\/arandinasmexicanfood.com\/index.php?rest_route=%2Fwp%2Fv2%2Fcomments&post=16"}],"version-history":[{"count":22,"href":"https:\/\/arandinasmexicanfood.com\/index.php?rest_route=\/wp\/v2\/pages\/16\/revisions"}],"predecessor-version":[{"id":1666,"href":"https:\/\/arandinasmexicanfood.com\/index.php?rest_route=\/wp\/v2\/pages\/16\/revisions\/1666"}],"wp:attachment":[{"href":"https:\/\/arandinasmexicanfood.com\/index.php?rest_route=%2Fwp%2Fv2%2Fmedia&parent=16"}],"curies":[{"name":"wp","href":"https:\/\/api.w.org\/{rel}","templated":true}]}}